{"id":3,"date":"2024-03-31T18:26:42","date_gmt":"2024-03-31T18:26:42","guid":{"rendered":"https:\/\/eisa.al\/?page_id=3"},"modified":"2025-04-28T07:56:08","modified_gmt":"2025-04-28T07:56:08","slug":"privacy-policy","status":"publish","type":"page","link":"https:\/\/eisa.al\/index.php\/privacy-policy\/","title":{"rendered":"Privacy Policy"},"content":{"rendered":"\n<h2 class=\"wp-block-heading\"><\/h2>\n\n\n\n<p><\/p>\n\n\n\n<h2 class=\"wp-block-heading\">Politika e Cilesise<\/h2>\n\n\n\n<p><\/p>\n\n\n\n<p>Shoq\u00ebria \u201cEISA\u201d shpk, Tiran\u00eb do t\u00eb jet\u00eb e angazhuar t\u00eb arrij\u00eb dhe t\u00eb mbaj\u00eb nj\u00eb standard t\u00eb lart\u00eb profesional t\u00eb cil\u00ebsis\u00eb n\u00eb t\u00eb gjith\u00eb aspektet e pun\u00ebs n\u00eb sh\u00ebrbim t\u00eb klient\u00ebve n\u00eb koh\u00eb dhe n\u00eb cil\u00ebsi, duke p\u00ebrmbushur t\u00eb gjitha k\u00ebrkesat p\u00ebrkat\u00ebse ligjore si dhe politik\u00ebn e saj t\u00eb siguris\u00eb e mjedisit gjat\u00eb kryerjes s\u00eb aktiviteteve p\u00ebr t\u00eb cilat \u00ebsht\u00eb akredituar ose dhe miratuar. <\/p>\n\n\n\n<p>EISA ka krijuar, mir\u00ebmbajtur dhe p\u00ebrmir\u00ebsuar vazhdimisht sistemin e menaxhimit sipas rishikimit t\u00eb fundit t\u00eb ISO\/ EC 17025, ISO\/IEC 17020, ISO\/IEC 17024 dhe t\u00eb gjitha standardeve t\u00eb tjera t\u00eb zbatuara dhe k\u00ebrkesave t\u00eb trup\u00ebs ton\u00eb t\u00eb akreditimit dhe miratimit. Ne b\u00ebjm\u00eb p\u00ebrpjekje t\u00eb m\u00ebdha p\u00ebr t\u00eb ruajtur paanshm\u00ebrin\u00eb dhe integritetin operacional t\u00eb analiz\u00ebs n\u00eb p\u00ebrputhje me dispozitat e ligjeve komb\u00ebtare dhe ISO\/ EC 17025; ISO\/ IEC 17020; ISO\/IEC 17024 dhe t\u00eb gjitha standardeve tjera t\u00eb aplikuara.<\/p>\n\n\n\n<p><\/p>\n\n\n\n<ul class=\"wp-block-list\">\n<li>Shoq\u00ebria EISA ofron n\u00eb standarde t\u00eb larta\u00a0 n\u00eb sh\u00ebrbimet\u00a0 q\u00eb ofron n\u00eb m\u00ebnyr\u00eb profesionale, t\u00eb paanshme, transparente dhe premton p\u00ebrmir\u00ebsim t\u00eb vazhduesh\u00ebm t\u00eb performanc\u00ebs s\u00eb saj n\u00eb p\u00ebrputhje me standardet dhe legjislacionin p\u00ebrkat\u00ebs n\u00eb fuqi.<\/li>\n\n\n\n<li>Q\u00ebllimi i sistemit t\u00eb menaxhimit \u00ebsht\u00eb t\u00eb p\u00ebrcaktoj\u00eb nj\u00eb drejtim standard p\u00ebr ofrimin e nj\u00eb sh\u00ebrbimi p\u00ebr klient\u00ebt tan\u00eb t\u00eb nj\u00eb cil\u00ebsie sa m\u00eb t\u00eb lart\u00eb, duke nd\u00ebrtuar besimin e konsumator\u00ebve n\u00eb vlefshm\u00ebrin\u00eb e rezultateve t\u00eb sh\u00ebrbimeve t\u00eb EISA.<\/li>\n\n\n\n<li>Sistemi i menaxhimit siguron vazhdim\u00ebsi pavar\u00ebsisht nga ndryshimet n\u00eb personel apo menaxhim.<\/li>\n\n\n\n<li>Dokumentacioni i cil\u00ebsis\u00eb sh\u00ebrben si nj\u00eb mjet komunikimi, si dhe nj\u00eb mjet trajnimi p\u00ebr punonj\u00ebsit aktual dhe ato t\u00eb rinj.<\/li>\n\n\n\n<li>Stafi i EISA i p\u00ebrmbahet nj\u00eb Sistemi t\u00eb Menaxhimit t\u00eb Cil\u00ebsis\u00eb rigoroz p\u00ebr t\u00eb siguruar k\u00ebnaq\u00ebsin\u00eb e klientit kur p\u00ebrdorin sh\u00ebrbimet tona.<\/li>\n\n\n\n<li>Menaxhimi i lart\u00eb \u00ebsht\u00eb i p\u00ebrkushtuar p\u00ebr tu p\u00ebrshtatur me ISO\/IEC 17025, ISO\/IEC 17020, ISO\/IEC 17024 dhe t\u00eb gjitha standardeve te tjera t\u00eb zbatuara dhe\u00a0 k\u00ebrkesat e akreditimit, metrologjise dhe kalibrimit dhe organeve miratuese. Ne vazhdimisht do t\u00eb vler\u00ebsojm\u00eb dhe p\u00ebrmir\u00ebsojm\u00eb efektivitetin e sistemit ton\u00eb menaxhimit sipas nevojave.<\/li>\n\n\n\n<li>\u00cbsht\u00eb shum\u00eb e r\u00ebnd\u00ebsishme q\u00eb i gjith\u00eb personeli t\u00eb veproj n\u00eb p\u00ebrputhje me k\u00ebrkesat e Sistemit t\u00eb Menaxhimit, k\u00ebrkesat e klient\u00ebve tan\u00eb, si dhe k\u00ebrkesat e autoriteteve p\u00ebrkat\u00ebse rregullatore. Si rrjedhim, i gjith\u00eb personeli q\u00eb kryen aktivitete laboratorike, inspektimi dhe certifikimi personeli duhet t\u00eb njoh\u00eb ISO\/IEC 17025, ISO\/IEC 17020, ISO\/IEC 17024 dhe t\u00eb gjitha standardet e tjera t\u00eb aplikuara nga kompania, k\u00ebrkesat e klient\u00ebve, \u00a0procedurat dhe instruksionet e pun\u00ebs q\u00eb ndikojn\u00eb n\u00eb cil\u00ebsin\u00eb e pun\u00ebs.<\/li>\n\n\n\n<li>T\u00eb gjitha aktivitetet e testimit, inspektimit, certifikimit t\u00eb personelit duhet t\u00eb kryhen n\u00eb p\u00ebrputhje me Sistemin e Menaxhimit t\u00eb kompanis\u00eb, metodat e p\u00ebrcaktuara dhe k\u00ebrkesat e klient\u00ebve. Standardi jon\u00eb i sh\u00ebrbimeve do t\u00eb tejkaloj pritshm\u00ebrit\u00eb e klient\u00ebve tan\u00eb p\u00ebr rezultate t\u00eb sakta, t\u00eb p\u00ebrs\u00ebritshme dhe t\u00eb paanshme.<\/li>\n\n\n\n<li>Personeli duhet t\u00eb jet\u00eb i aft\u00eb p\u00ebr t\u00eb kryer aktivitetet e testimit, inspektimit, certifikimit t\u00eb personelit dhe t\u00eb jet\u00eb i paansh\u00ebm n\u00eb vazhdim\u00ebsi.<\/li>\n\n\n\n<li>EISA \u00ebsht\u00eb e p\u00ebrkushtuar p\u00ebr tu siguruar klient\u00ebve sh\u00ebrbime me cil\u00ebsi profesionale shum\u00eb t\u00eb lart\u00eb duke siguruar se testimit,\u00a0 inspektimit, certifikimit t\u00eb personelit kryhen sipas standardeve t\u00eb larta t\u00eb sh\u00ebrbimit p\u00ebr t\u00eb arritur k\u00ebnaq\u00ebsin\u00eb e klient\u00ebve, sakt\u00ebsin\u00eb n\u00eb rezultat dhe shp\u00ebrndarjen n\u00eb koh\u00eb t\u00eb raporteve\/certifikatave dhe t\u00eb arrij ose tejkaloj pritshm\u00ebrit\u00eb e klient\u00ebve n\u00eb vijim\u00ebsi<\/li>\n\n\n\n<li>EISA mban marr\u00ebdh\u00ebnie t\u00eb sh\u00ebndetshme me klient\u00ebt duke bashk\u00ebpunuar me ta ose me p\u00ebrfaq\u00ebsuesit e tyre n\u00eb sqarimin e k\u00ebrkesave, monitorimin e rezultateve t\u00eb aktivitetit, etj.<\/li>\n\n\n\n<li>EISA synon plot\u00ebsimin e k\u00ebrkesave ligjore dhe k\u00ebrkesave t\u00eb tjera n\u00eb p\u00ebrputhje me burimet e energjis\u00eb n\u00eb p\u00ebrdorim nga kompania, mbrojtjen e mjedisit dhe sh\u00ebndetit e siguris\u00eb n\u00eb pun\u00eb.<\/li>\n\n\n\n<li>EISA ka qasjen ndaj procesit p\u00ebr t\u00eb krijuar nj\u00eb sistem analizues n\u00ebp\u00ebrmjet informacionit t\u00eb dokumentuar.<\/li>\n\n\n\n<li>EISA p\u00ebrdit\u00ebson Sistemin Menaxhimit\u00a0 t\u00eb cil\u00ebsis\u00eb n\u00eb kultur\u00ebn dhe praktikat ditore si nj\u00eb p\u00ebrkushtim afatgjat\u00eb kundrejt cil\u00ebsis\u00eb, mjedisit, siguris\u00eb dhe sh\u00ebndetit n\u00eb pun\u00eb, p\u00ebrmir\u00ebsimit t\u00eb vazhduesh\u00ebm dhe k\u00ebnaq\u00ebsis\u00eb s\u00eb pal\u00ebve t\u00eb interesuara.<\/li>\n\n\n\n<li>EISA siguron t\u00eb kuptuarit dhe p\u00ebrputhjes me k\u00ebrkesat p\u00ebrkat\u00ebse statusore, ligjore, t\u00eb tjera, rregullatore dhe kontraktuale n\u00eb funksionet brenda mjedisit t\u00eb pun\u00ebs, n\u00eb t\u00eb cilat aderon.<\/li>\n\n\n\n<li>EISA ruan burimet natyrore dhe n\u00eb ve\u00e7anti energjin\u00eb, ujin, l\u00ebnd\u00ebt e para dhe promovon zhvillimin e rrethinave natyrale t\u00eb gjelbra. Bashk\u00ebpunon me furnitor q\u00eb sigurojn\u00eb materiale dhe pajisje t\u00eb testuara p\u00ebr impaktin q\u00eb ato kan\u00eb n\u00eb mjedis dhe t\u00eb nj\u00eb sigurie t\u00eb lart\u00eb p\u00ebr punonj\u00ebsit. Gjithashtu \u00ebsht\u00eb e orientuar n\u00eb p\u00ebrdorimin e komunikimit elektronik p\u00ebr shp\u00ebrndarjen e dokumentacionit, duke eliminuar sa m\u00eb shum\u00eb printimin e tyre p\u00ebr mbrojtjen e pem\u00ebve dhe mjedisit.<\/li>\n\n\n\n<li>Sigurohen rezultate t\u00eb besueshme n\u00eb sh\u00ebrbimin e testimit, inspektimit dhe certifikimit n\u00ebp\u00ebrmjet praktikave profesionale p\u00ebr t\u00eb gjitha sh\u00ebrbimet e ofruara.<\/li>\n\n\n\n<li>EISA nd\u00ebrthur teknologjit\u00eb dhe metodat e p\u00ebrshtatshme p\u00ebr p\u00ebrmir\u00ebsimin e cil\u00ebsis\u00eb, eficienc\u00ebn e energjis\u00eb, mbrojtjen e mjedisit dhe sigurin\u00eb dhe sh\u00ebndetin e pal\u00ebve t\u00eb treta.<\/li>\n\n\n\n<li>EISA i paraprin ndryshimeve n\u00eb t\u00eb ardhmen, duke vler\u00ebsuar rreziqet dhe mund\u00ebsit\u00eb, dhe nd\u00ebrmarrjen e masave p\u00ebr t\u00eb Zhdukur, Pak\u00ebsuar apo kontrolluar rreziqet lidhur me cil\u00ebsin\u00eb, mjedisin, sigurin\u00eb dhe sh\u00ebndetin n\u00eb pun\u00eb.<\/li>\n\n\n\n<li>EISA \u00ebsht\u00eb e vet\u00ebdijshme p\u00ebr mbajtjen e \u00e7do informacioni t\u00eb klientit q\u00eb konsiderohet konfidencial dhe informon at\u00eb\u00a0 paraprakisht, p\u0451r informacionin q\u0451 ka q\u0451llim ta ver\u0451 n\u0451 dispozicion t\u00eb autoriteteve publike.<\/li>\n\n\n\n<li>EISA siguron n\u00ebp\u00ebrmjet ruajtjes s\u00eb konfidencialitetit t\u00eb informacioneve t\u00eb brendshme q\u00eb zot\u00ebron si edhe atyre t\u00eb jashtme n\u00eb t\u00eb cilat kompania ka akses, (informacioneve t\u00eb klient\u00ebve dhe furnitor\u00ebve me t\u00eb cil\u00ebt kompania bashk\u00ebpunon etj).<\/li>\n\n\n\n<li>EISA siguron q\u00eb rreziqet ndaj shoq\u00ebris\u00eb monitorohen dhe rishikohen.<\/li>\n\n\n\n<li>EISA siguron q\u00eb jan\u00eb p\u00ebrcaktuar masat e p\u00ebrshtatshme t\u00eb kontrollit p\u00ebr cil\u00ebsin\u00eb, mjedisin, sigurin\u00eb dhe sh\u00ebndetin n\u00eb pun\u00eb;<\/li>\n\n\n\n<li>EISA siguron gjetjen s\u00eb informacionit dhe t\u00eb gjitha burimeve t\u00eb nevojshme p\u00ebr t\u00eb arritur objektivat dhe synimet;<\/li>\n\n\n\n<li>P\u00ebrputhjen me procedurat e pun\u00ebs me vet\u00eb-disiplin\u00ebn dhe mbajtjen e tyre sipas p\u00ebrgjegj\u00ebsive qe kane;<\/li>\n\n\n\n<li>Promovimin sa here qe \u00ebsht\u00eb e mundur dhe p\u00ebrdorimin e burimeve t\u00eb rinovueshme;<\/li>\n\n\n\n<li>Forcimin, nd\u00ebrgjegj\u00ebsimin, aft\u00ebsimin dhe kompetenc\u00ebn e punonj\u00ebsve dhe punonj\u00ebsve t\u00eb kontraktuar dhe nxitjen e dialogut me Ofruesit e jasht\u00ebm, klient\u00ebt dhe komunitetin;<\/li>\n\n\n\n<li>Rishikimin e vazhduesh\u00ebm\u00a0 t\u00eb p\u00ebrshtatshm\u00ebrin\u00eb, mjaftueshm\u00ebrin\u00eb, dhe efektivitetit te Sistemit t\u00eb Integruar t\u00eb Menaxhimit;<\/li>\n\n\n\n<li>Garantimit t\u00eb disponueshm\u00ebris\u00eb s\u00eb informacionit t\u00eb nevojsh\u00ebm n\u00eb proceset e pun\u00ebs brenda kompanis\u00eb, kundrejt klient\u00ebve dhe ndaj pal\u00ebve t\u00eb interesuara n\u00eb baz\u00eb t\u00eb klasifikimit t\u00eb tij sipas procedurave t\u00eb Sistemit t\u00eb Integruar t\u00eb Menaxhimit.<\/li>\n\n\n\n<li>K\u00ebshillimin dhe pjes\u00ebmarrjen e vazhdueshme t\u00eb punonj\u00ebsve dhe K\u00ebshillit t\u00eb Siguris\u00eb dhe Sh\u00ebndetit n\u00eb Pun\u00eb, n\u00eb proceset dhe vendimmarrjet e kompanis\u00eb.<\/li>\n<\/ul>\n\n\n\n<h2 class=\"wp-block-heading\">KONFIDENCIALITETI<\/h2>\n\n\n\n<p>EISA\u00a0 mban p\u00ebrgjegj\u00ebsi t\u00eb plot\u00eb p\u00ebr konfidencialitetin e t\u00eb gjith\u00eb informacioneve t\u00eb marr\u00eb n\u00ebp\u00ebrmjet aktivitetit t\u00eb laboratorit, trup\u00ebs inspektuese dhe trupes certifikuese t\u00eb personelit.<\/p>\n\n\n\n<p>EISA\u00a0 p\u00ebrkushtohet n\u00eb ruajtjen e konfidencialitetit t\u00eb klient\u00ebve tan\u00eb apo pal\u00ebve t\u00eb interesuara dhe \u00e7do informacion i marr\u00eb apo krijuar gjat\u00eb kryerjes s\u00eb sh\u00ebrbimit t\u00eb aktivitetit ton\u00eb ose i siguruar nga burime t\u00eb ndryshme nga klient\u00ebt, do t\u00eb konsiderohet si konfidencial.<\/p>\n\n\n\n<p>I gjith\u00eb personeli yn\u00eb \u00ebsht\u00eb i vet\u00ebdijsh\u00ebm se k\u00ebrkesa p\u00ebr konfidencialitet duhet t\u00eb mbahet n\u00eb \u00e7do koh\u00eb.<\/p>\n\n\n\n<p>EISA\u00a0 nuk nxjerr informacione konfidenciale jasht\u00eb EISA\u00a0 pa miratimin paraprak me shkrim nga klienti dhe pal\u00ebt e tjera t\u00eb interesuara, p\u00ebrve\u00e7 rastit kur ligji p\u00ebrcakton ndryshe ose p\u00ebr t\u00eb p\u00ebrmbushur detyrimet ligjore.<\/p>\n\n\n\n<p>EISA nuk do t\u00eb zbuloj informacione t\u00eb tilla p\u00ebr pal\u00ebt e treta, p\u00ebrve\u00e7se kur \u00ebsht\u00eb dh\u00ebn\u00eb miratimi paraprak nga klient\u00ebt dhe\/ose pal\u00ebt e tjera t\u00eb lidhura, p\u00ebrve\u00e7se kur k\u00ebrkohet nga ligji.<\/p>\n\n\n\n<p>EISA \u00ebsht\u00eb e vet\u00ebdijshme p\u00ebr mbajtjen e \u00e7do informacioni t\u00eb klientit q\u00eb konsiderohet konfidencial dhe informon at\u00eb\u00a0 paraprakisht, p\u0451r informacionin q\u0451 ka q\u0451llim ta ver\u0451 n\u0451 dispozicion t\u00eb autoriteteve publike.<\/p>\n\n\n\n<h2 class=\"wp-block-heading\"><\/h2>\n","protected":false},"excerpt":{"rendered":"<p>Politika e Cilesise Shoq\u00ebria \u201cEISA\u201d shpk, Tiran\u00eb do t\u00eb jet\u00eb e angazhuar t\u00eb arrij\u00eb dhe t\u00eb mbaj\u00eb nj\u00eb standard t\u00eb lart\u00eb profesional t\u00eb cil\u00ebsis\u00eb n\u00eb t\u00eb gjith\u00eb aspektet e pun\u00ebs n\u00eb sh\u00ebrbim t\u00eb klient\u00ebve n\u00eb koh\u00eb dhe n\u00eb cil\u00ebsi, duke p\u00ebrmbushur t\u00eb gjitha k\u00ebrkesat p\u00ebrkat\u00ebse ligjore si dhe politik\u00ebn e saj t\u00eb siguris\u00eb e mjedisit [&hellip;]<\/p>\n","protected":false},"author":1,"featured_media":0,"parent":0,"menu_order":0,"comment_status":"closed","ping_status":"open","template":"","meta":{"footnotes":""},"class_list":["post-3","page","type-page","status-publish","hentry"],"yoast_head":"<!-- This site is optimized with the Yoast SEO plugin v23.4 - https:\/\/yoast.com\/wordpress\/plugins\/seo\/ -->\n<title>Privacy Policy - EISA<\/title>\n<meta name=\"robots\" content=\"index, follow, max-snippet:-1, max-image-preview:large, max-video-preview:-1\" \/>\n<link rel=\"canonical\" href=\"https:\/\/eisa.al\/index.php\/privacy-policy\/\" \/>\n<meta property=\"og:locale\" content=\"sq_AL\" \/>\n<meta property=\"og:type\" content=\"article\" \/>\n<meta property=\"og:title\" content=\"Privacy Policy - EISA\" \/>\n<meta property=\"og:description\" content=\"Politika e Cilesise Shoq\u00ebria \u201cEISA\u201d shpk, Tiran\u00eb do t\u00eb jet\u00eb e angazhuar t\u00eb arrij\u00eb dhe t\u00eb mbaj\u00eb nj\u00eb standard t\u00eb lart\u00eb profesional t\u00eb cil\u00ebsis\u00eb n\u00eb t\u00eb gjith\u00eb aspektet e pun\u00ebs n\u00eb sh\u00ebrbim t\u00eb klient\u00ebve n\u00eb koh\u00eb dhe n\u00eb cil\u00ebsi, duke p\u00ebrmbushur t\u00eb gjitha k\u00ebrkesat p\u00ebrkat\u00ebse ligjore si dhe politik\u00ebn e saj t\u00eb siguris\u00eb e mjedisit [&hellip;]\" \/>\n<meta property=\"og:url\" content=\"https:\/\/eisa.al\/index.php\/privacy-policy\/\" \/>\n<meta property=\"og:site_name\" content=\"EISA\" \/>\n<meta property=\"article:modified_time\" content=\"2025-04-28T07:56:08+00:00\" \/>\n<meta name=\"twitter:card\" content=\"summary_large_image\" \/>\n<meta name=\"twitter:label1\" content=\"Est. reading time\" \/>\n\t<meta name=\"twitter:data1\" content=\"7 minuta\" \/>\n<script type=\"application\/ld+json\" class=\"yoast-schema-graph\">{\"@context\":\"https:\/\/schema.org\",\"@graph\":[{\"@type\":\"WebPage\",\"@id\":\"https:\/\/eisa.al\/index.php\/privacy-policy\/\",\"url\":\"https:\/\/eisa.al\/index.php\/privacy-policy\/\",\"name\":\"Privacy Policy - EISA\",\"isPartOf\":{\"@id\":\"https:\/\/eisa.al\/#website\"},\"datePublished\":\"2024-03-31T18:26:42+00:00\",\"dateModified\":\"2025-04-28T07:56:08+00:00\",\"breadcrumb\":{\"@id\":\"https:\/\/eisa.al\/index.php\/privacy-policy\/#breadcrumb\"},\"inLanguage\":\"sq\",\"potentialAction\":[{\"@type\":\"ReadAction\",\"target\":[\"https:\/\/eisa.al\/index.php\/privacy-policy\/\"]}]},{\"@type\":\"BreadcrumbList\",\"@id\":\"https:\/\/eisa.al\/index.php\/privacy-policy\/#breadcrumb\",\"itemListElement\":[{\"@type\":\"ListItem\",\"position\":1,\"name\":\"Home\",\"item\":\"https:\/\/eisa.al\/\"},{\"@type\":\"ListItem\",\"position\":2,\"name\":\"Privacy Policy\"}]},{\"@type\":\"WebSite\",\"@id\":\"https:\/\/eisa.al\/#website\",\"url\":\"https:\/\/eisa.al\/\",\"name\":\"EISA\",\"description\":\"Gjithmone per sigurine tuaj!\",\"publisher\":{\"@id\":\"https:\/\/eisa.al\/#organization\"},\"potentialAction\":[{\"@type\":\"SearchAction\",\"target\":{\"@type\":\"EntryPoint\",\"urlTemplate\":\"https:\/\/eisa.al\/?s={search_term_string}\"},\"query-input\":{\"@type\":\"PropertyValueSpecification\",\"valueRequired\":true,\"valueName\":\"search_term_string\"}}],\"inLanguage\":\"sq\"},{\"@type\":\"Organization\",\"@id\":\"https:\/\/eisa.al\/#organization\",\"name\":\"EISA\",\"url\":\"https:\/\/eisa.al\/\",\"logo\":{\"@type\":\"ImageObject\",\"inLanguage\":\"sq\",\"@id\":\"https:\/\/eisa.al\/#\/schema\/logo\/image\/\",\"url\":\"https:\/\/eisa.al\/wp-content\/uploads\/2025\/04\/ChatGPT-Image-Apr-25-2025-11_03_57-AM.png\",\"contentUrl\":\"https:\/\/eisa.al\/wp-content\/uploads\/2025\/04\/ChatGPT-Image-Apr-25-2025-11_03_57-AM.png\",\"width\":1024,\"height\":1024,\"caption\":\" EISA\"},\"image\":{\"@id\":\"https:\/\/eisa.al\/#\/schema\/logo\/image\/\"}}]}<\/script>\n<!-- \/ Yoast SEO plugin. -->","yoast_head_json":{"title":"Privacy Policy - EISA","robots":{"index":"index","follow":"follow","max-snippet":"max-snippet:-1","max-image-preview":"max-image-preview:large","max-video-preview":"max-video-preview:-1"},"canonical":"https:\/\/eisa.al\/index.php\/privacy-policy\/","og_locale":"sq_AL","og_type":"article","og_title":"Privacy Policy - EISA","og_description":"Politika e Cilesise Shoq\u00ebria \u201cEISA\u201d shpk, Tiran\u00eb do t\u00eb jet\u00eb e angazhuar t\u00eb arrij\u00eb dhe t\u00eb mbaj\u00eb nj\u00eb standard t\u00eb lart\u00eb profesional t\u00eb cil\u00ebsis\u00eb n\u00eb t\u00eb gjith\u00eb aspektet e pun\u00ebs n\u00eb sh\u00ebrbim t\u00eb klient\u00ebve n\u00eb koh\u00eb dhe n\u00eb cil\u00ebsi, duke p\u00ebrmbushur t\u00eb gjitha k\u00ebrkesat p\u00ebrkat\u00ebse ligjore si dhe politik\u00ebn e saj t\u00eb siguris\u00eb e mjedisit [&hellip;]","og_url":"https:\/\/eisa.al\/index.php\/privacy-policy\/","og_site_name":"EISA","article_modified_time":"2025-04-28T07:56:08+00:00","twitter_card":"summary_large_image","twitter_misc":{"Est. reading time":"7 minuta"},"schema":{"@context":"https:\/\/schema.org","@graph":[{"@type":"WebPage","@id":"https:\/\/eisa.al\/index.php\/privacy-policy\/","url":"https:\/\/eisa.al\/index.php\/privacy-policy\/","name":"Privacy Policy - EISA","isPartOf":{"@id":"https:\/\/eisa.al\/#website"},"datePublished":"2024-03-31T18:26:42+00:00","dateModified":"2025-04-28T07:56:08+00:00","breadcrumb":{"@id":"https:\/\/eisa.al\/index.php\/privacy-policy\/#breadcrumb"},"inLanguage":"sq","potentialAction":[{"@type":"ReadAction","target":["https:\/\/eisa.al\/index.php\/privacy-policy\/"]}]},{"@type":"BreadcrumbList","@id":"https:\/\/eisa.al\/index.php\/privacy-policy\/#breadcrumb","itemListElement":[{"@type":"ListItem","position":1,"name":"Home","item":"https:\/\/eisa.al\/"},{"@type":"ListItem","position":2,"name":"Privacy Policy"}]},{"@type":"WebSite","@id":"https:\/\/eisa.al\/#website","url":"https:\/\/eisa.al\/","name":"EISA","description":"Gjithmone per sigurine tuaj!","publisher":{"@id":"https:\/\/eisa.al\/#organization"},"potentialAction":[{"@type":"SearchAction","target":{"@type":"EntryPoint","urlTemplate":"https:\/\/eisa.al\/?s={search_term_string}"},"query-input":{"@type":"PropertyValueSpecification","valueRequired":true,"valueName":"search_term_string"}}],"inLanguage":"sq"},{"@type":"Organization","@id":"https:\/\/eisa.al\/#organization","name":"EISA","url":"https:\/\/eisa.al\/","logo":{"@type":"ImageObject","inLanguage":"sq","@id":"https:\/\/eisa.al\/#\/schema\/logo\/image\/","url":"https:\/\/eisa.al\/wp-content\/uploads\/2025\/04\/ChatGPT-Image-Apr-25-2025-11_03_57-AM.png","contentUrl":"https:\/\/eisa.al\/wp-content\/uploads\/2025\/04\/ChatGPT-Image-Apr-25-2025-11_03_57-AM.png","width":1024,"height":1024,"caption":" EISA"},"image":{"@id":"https:\/\/eisa.al\/#\/schema\/logo\/image\/"}}]}},"_links":{"self":[{"href":"https:\/\/eisa.al\/index.php\/wp-json\/wp\/v2\/pages\/3","targetHints":{"allow":["GET"]}}],"collection":[{"href":"https:\/\/eisa.al\/index.php\/wp-json\/wp\/v2\/pages"}],"about":[{"href":"https:\/\/eisa.al\/index.php\/wp-json\/wp\/v2\/types\/page"}],"author":[{"embeddable":true,"href":"https:\/\/eisa.al\/index.php\/wp-json\/wp\/v2\/users\/1"}],"replies":[{"embeddable":true,"href":"https:\/\/eisa.al\/index.php\/wp-json\/wp\/v2\/comments?post=3"}],"version-history":[{"count":1,"href":"https:\/\/eisa.al\/index.php\/wp-json\/wp\/v2\/pages\/3\/revisions"}],"predecessor-version":[{"id":47,"href":"https:\/\/eisa.al\/index.php\/wp-json\/wp\/v2\/pages\/3\/revisions\/47"}],"wp:attachment":[{"href":"https:\/\/eisa.al\/index.php\/wp-json\/wp\/v2\/media?parent=3"}],"curies":[{"name":"wp","href":"https:\/\/api.w.org\/{rel}","templated":true}]}}