{"id":17,"date":"2025-04-28T07:34:25","date_gmt":"2025-04-28T07:34:25","guid":{"rendered":"https:\/\/eisa.al\/?page_id=17"},"modified":"2025-04-28T07:45:53","modified_gmt":"2025-04-28T07:45:53","slug":"rreth-nesh","status":"publish","type":"page","link":"https:\/\/eisa.al\/index.php\/rreth-nesh\/","title":{"rendered":""},"content":{"rendered":"\n<div class=\"wp-block-group alignfull has-base-background-color has-background has-global-padding is-layout-constrained wp-container-core-group-is-layout-d89aad35 wp-block-group-is-layout-constrained\" style=\"margin-top:0;margin-bottom:0;padding-top:var(--wp--preset--spacing--50);padding-right:var(--wp--preset--spacing--50);padding-bottom:var(--wp--preset--spacing--50);padding-left:var(--wp--preset--spacing--50)\">\n<div class=\"wp-block-columns alignwide is-layout-flex wp-container-core-columns-is-layout-549b0c86 wp-block-columns-is-layout-flex\">\n<div class=\"wp-block-column has-global-padding is-content-justification-left is-layout-constrained wp-container-core-column-is-layout-4f15e8fe wp-block-column-is-layout-constrained\" style=\"flex-basis:40%\">\n<p>Inspektojm\u00eb p\u00ebr Sigurin\u00eb Tuaj.<\/p>\n<\/div>\n\n\n\n<div class=\"wp-block-column is-layout-flow wp-container-core-column-is-layout-119bc444 wp-block-column-is-layout-flow\" style=\"flex-basis:60%\">\n<p class=\"has-heading-font-family has-x-large-font-size\" style=\"line-height:1.2\"><strong>Kush Jemi Ne<\/strong><br><\/p>\n\n\n\n<div class=\"wp-block-columns is-layout-flex wp-container-core-columns-is-layout-87beb0d0 wp-block-columns-is-layout-flex\">\n<div class=\"wp-block-column is-layout-flow wp-block-column-is-layout-flow\">\n<p class=\"wp-container-content-9cfa9a5a\">Ne jemi nj\u00eb kompani e specializuar n\u00eb inspektimin profesional t\u00eb instalimeve elektrike dhe sistemeve t\u00eb ashensor\u00ebve.<\/p>\n\n\n\n<p class=\"wp-container-content-9cfa9a5a\">Me p\u00ebrvoj\u00eb t\u00eb gjer\u00eb dhe nj\u00eb ekip t\u00eb certifikuar, angazhohemi t\u00eb sigurojm\u00eb standardet m\u00eb t\u00eb larta t\u00eb siguris\u00eb, funksionalitetit dhe p\u00ebrputhshm\u00ebris\u00eb me rregulloret teknike.<\/p>\n<\/div>\n\n\n\n<div class=\"wp-block-column is-layout-flow wp-block-column-is-layout-flow\">\n<p>Synimi yn\u00eb \u00ebsht\u00eb t\u00eb ofrojm\u00eb sh\u00ebrbime t\u00eb besueshme dhe zgjidhje t\u00eb q\u00ebndrueshme p\u00ebr klient\u00ebt tan\u00eb.<\/p>\n<\/div>\n<\/div>\n<\/div>\n<\/div>\n<\/div>\n\n\n\n<div class=\"wp-block-group alignfull has-global-padding is-layout-constrained wp-container-core-group-is-layout-d89aad35 wp-block-group-is-layout-constrained\" style=\"margin-top:0;margin-bottom:0;padding-top:var(--wp--preset--spacing--50);padding-right:var(--wp--preset--spacing--50);padding-bottom:var(--wp--preset--spacing--50);padding-left:var(--wp--preset--spacing--50)\"><\/div>\n\n\n\n<div class=\"wp-block-group alignfull has-base-color has-contrast-background-color has-text-color has-background has-link-color wp-elements-59086bd3adc9b1065fe38e182369ec06 has-global-padding is-layout-constrained wp-container-core-group-is-layout-d89aad35 wp-block-group-is-layout-constrained\" style=\"margin-top:0;margin-bottom:0;padding-top:var(--wp--preset--spacing--50);padding-right:var(--wp--preset--spacing--50);padding-bottom:var(--wp--preset--spacing--50);padding-left:var(--wp--preset--spacing--50)\">\n<h2 class=\"wp-block-heading alignwide has-base-color has-text-color has-link-color wp-elements-c9b5699bdecff18878afa112249018b5\" style=\"font-size:clamp(4.509rem, 4.509rem + ((1vw - 0.2rem) * 9.152), 10rem);letter-spacing:-0.02em\">FAQs<\/h2>\n\n\n\n<div class=\"wp-block-group alignwide is-layout-flow wp-block-group-is-layout-flow\">\n<hr class=\"wp-block-separator has-text-color has-base-color has-alpha-channel-opacity has-base-background-color has-background is-style-wide\"\/>\n\n\n\n<details class=\"wp-block-details is-style-arrow-icon-details has-medium-font-size is-layout-flow wp-block-details-is-layout-flow\" style=\"border-top-style:none;border-top-width:0px;border-right-style:none;border-right-width:0px;border-bottom-color:var(--wp--preset--color--base);border-bottom-style:solid;border-bottom-width:1px;border-left-style:none;border-left-width:0px;margin-top:0\"><summary>What is your process working in smaller projects?<\/summary>\n<p class=\"has-contrast-1-color has-text-color has-link-color wp-elements-c7a6a2949ec955eb29254d2d7fb719b9\">\u00c9tudes offers comprehensive consulting, management, design, and research solutions. Our vision is to be at the forefront of architectural innovation, fostering a global community of architects and enthusiasts united by a passion for creating spaces. Every architectural endeavor is an opportunity to shape the future.<\/p>\n<\/details>\n\n\n\n<details class=\"wp-block-details is-style-arrow-icon-details has-medium-font-size is-layout-flow wp-block-details-is-layout-flow\" style=\"border-top-style:none;border-top-width:0px;border-right-style:none;border-right-width:0px;border-bottom-color:var(--wp--preset--color--base);border-bottom-style:solid;border-bottom-width:1px;border-left-style:none;border-left-width:0px;margin-top:0\"><summary>Who is behind \u00c9tudes?<\/summary>\n<p class=\"has-contrast-1-color has-text-color has-link-color wp-elements-c7a6a2949ec955eb29254d2d7fb719b9\">\u00c9tudes offers comprehensive consulting, management, design, and research solutions. Our vision is to be at the forefront of architectural innovation, fostering a global community of architects and enthusiasts united by a passion for creating spaces. Every architectural endeavor is an opportunity to shape the future.<\/p>\n<\/details>\n\n\n\n<details class=\"wp-block-details is-style-arrow-icon-details has-medium-font-size is-layout-flow wp-block-details-is-layout-flow\" style=\"border-top-style:none;border-top-width:0px;border-right-style:none;border-right-width:0px;border-bottom-color:var(--wp--preset--color--base);border-bottom-style:solid;border-bottom-width:1px;border-left-style:none;border-left-width:0px;margin-top:0\"><summary>I&#8217;d like to get to meet fellow architects, how can I do that?<\/summary>\n<p class=\"has-contrast-1-color has-text-color has-link-color wp-elements-c7a6a2949ec955eb29254d2d7fb719b9\">\u00c9tudes offers comprehensive consulting, management, design, and research solutions. Our vision is to be at the forefront of architectural innovation, fostering a global community of architects and enthusiasts united by a passion for creating spaces. Every architectural endeavor is an opportunity to shape the future.<\/p>\n<\/details>\n\n\n\n<details class=\"wp-block-details is-style-arrow-icon-details has-medium-font-size is-layout-flow wp-block-details-is-layout-flow\" style=\"border-top-style:none;border-top-width:0px;border-right-style:none;border-right-width:0px;border-bottom-color:var(--wp--preset--color--base);border-bottom-style:solid;border-bottom-width:1px;border-left-style:none;border-left-width:0px;margin-top:0\"><summary>Can I apply to be a part of the team or work as a contractor?<\/summary>\n<p class=\"has-contrast-1-color has-text-color has-link-color wp-elements-c7a6a2949ec955eb29254d2d7fb719b9\">\u00c9tudes offers comprehensive consulting, management, design, and research solutions. Our vision is to be at the forefront of architectural innovation, fostering a global community of architects and enthusiasts united by a passion for creating spaces. Every architectural endeavor is an opportunity to shape the future.<\/p>\n<\/details>\n\n\n\n<div style=\"margin-top:var(--wp--preset--spacing--10);margin-bottom:0;height:var(--wp--preset--spacing--10)\" aria-hidden=\"true\" class=\"wp-block-spacer\"><\/div>\n<\/div>\n<\/div>\n\n\n\n<div class=\"wp-block-group alignfull has-global-padding is-layout-constrained wp-container-core-group-is-layout-d89aad35 wp-block-group-is-layout-constrained\" style=\"margin-top:0;margin-bottom:0;padding-top:var(--wp--preset--spacing--50);padding-right:var(--wp--preset--spacing--50);padding-bottom:var(--wp--preset--spacing--50);padding-left:var(--wp--preset--spacing--50)\"><\/div>\n\n\n\n<p><\/p>\n","protected":false},"excerpt":{"rendered":"<p>Inspektojm\u00eb p\u00ebr Sigurin\u00eb Tuaj. Kush Jemi Ne Ne jemi nj\u00eb kompani e specializuar n\u00eb inspektimin profesional t\u00eb instalimeve elektrike dhe sistemeve t\u00eb ashensor\u00ebve. Me p\u00ebrvoj\u00eb t\u00eb gjer\u00eb dhe nj\u00eb ekip t\u00eb certifikuar, angazhohemi t\u00eb sigurojm\u00eb standardet m\u00eb t\u00eb larta t\u00eb siguris\u00eb, funksionalitetit dhe p\u00ebrputhshm\u00ebris\u00eb me rregulloret teknike. Synimi yn\u00eb \u00ebsht\u00eb t\u00eb ofrojm\u00eb sh\u00ebrbime t\u00eb besueshme [&hellip;]<\/p>\n","protected":false},"author":1,"featured_media":0,"parent":0,"menu_order":0,"comment_status":"closed","ping_status":"closed","template":"","meta":{"footnotes":""},"class_list":["post-17","page","type-page","status-publish","hentry"],"yoast_head":"<!-- This site is optimized with the Yoast SEO plugin v23.4 - https:\/\/yoast.com\/wordpress\/plugins\/seo\/ -->\n<title>- EISA<\/title>\n<meta name=\"robots\" content=\"index, follow, max-snippet:-1, max-image-preview:large, max-video-preview:-1\" \/>\n<link rel=\"canonical\" href=\"https:\/\/eisa.al\/index.php\/rreth-nesh\/\" \/>\n<meta property=\"og:locale\" content=\"sq_AL\" \/>\n<meta property=\"og:type\" content=\"article\" \/>\n<meta property=\"og:title\" content=\"- EISA\" \/>\n<meta property=\"og:description\" content=\"Inspektojm\u00eb p\u00ebr Sigurin\u00eb Tuaj. Kush Jemi Ne Ne jemi nj\u00eb kompani e specializuar n\u00eb inspektimin profesional t\u00eb instalimeve elektrike dhe sistemeve t\u00eb ashensor\u00ebve. Me p\u00ebrvoj\u00eb t\u00eb gjer\u00eb dhe nj\u00eb ekip t\u00eb certifikuar, angazhohemi t\u00eb sigurojm\u00eb standardet m\u00eb t\u00eb larta t\u00eb siguris\u00eb, funksionalitetit dhe p\u00ebrputhshm\u00ebris\u00eb me rregulloret teknike. Synimi yn\u00eb \u00ebsht\u00eb t\u00eb ofrojm\u00eb sh\u00ebrbime t\u00eb besueshme [&hellip;]\" \/>\n<meta property=\"og:url\" content=\"https:\/\/eisa.al\/index.php\/rreth-nesh\/\" \/>\n<meta property=\"og:site_name\" content=\"EISA\" \/>\n<meta property=\"article:modified_time\" content=\"2025-04-28T07:45:53+00:00\" \/>\n<meta name=\"twitter:card\" content=\"summary_large_image\" \/>\n<meta name=\"twitter:label1\" content=\"Est. reading time\" \/>\n\t<meta name=\"twitter:data1\" content=\"3 minuta\" \/>\n<script type=\"application\/ld+json\" class=\"yoast-schema-graph\">{\"@context\":\"https:\/\/schema.org\",\"@graph\":[{\"@type\":\"WebPage\",\"@id\":\"https:\/\/eisa.al\/index.php\/rreth-nesh\/\",\"url\":\"https:\/\/eisa.al\/index.php\/rreth-nesh\/\",\"name\":\"- EISA\",\"isPartOf\":{\"@id\":\"https:\/\/eisa.al\/#website\"},\"datePublished\":\"2025-04-28T07:34:25+00:00\",\"dateModified\":\"2025-04-28T07:45:53+00:00\",\"inLanguage\":\"sq\",\"potentialAction\":[{\"@type\":\"ReadAction\",\"target\":[\"https:\/\/eisa.al\/index.php\/rreth-nesh\/\"]}]},{\"@type\":\"WebSite\",\"@id\":\"https:\/\/eisa.al\/#website\",\"url\":\"https:\/\/eisa.al\/\",\"name\":\"EISA\",\"description\":\"Gjithmone per sigurine tuaj!\",\"publisher\":{\"@id\":\"https:\/\/eisa.al\/#organization\"},\"potentialAction\":[{\"@type\":\"SearchAction\",\"target\":{\"@type\":\"EntryPoint\",\"urlTemplate\":\"https:\/\/eisa.al\/?s={search_term_string}\"},\"query-input\":{\"@type\":\"PropertyValueSpecification\",\"valueRequired\":true,\"valueName\":\"search_term_string\"}}],\"inLanguage\":\"sq\"},{\"@type\":\"Organization\",\"@id\":\"https:\/\/eisa.al\/#organization\",\"name\":\"EISA\",\"url\":\"https:\/\/eisa.al\/\",\"logo\":{\"@type\":\"ImageObject\",\"inLanguage\":\"sq\",\"@id\":\"https:\/\/eisa.al\/#\/schema\/logo\/image\/\",\"url\":\"https:\/\/eisa.al\/wp-content\/uploads\/2025\/04\/ChatGPT-Image-Apr-25-2025-11_03_57-AM.png\",\"contentUrl\":\"https:\/\/eisa.al\/wp-content\/uploads\/2025\/04\/ChatGPT-Image-Apr-25-2025-11_03_57-AM.png\",\"width\":1024,\"height\":1024,\"caption\":\" EISA\"},\"image\":{\"@id\":\"https:\/\/eisa.al\/#\/schema\/logo\/image\/\"}}]}<\/script>\n<!-- \/ Yoast SEO plugin. -->","yoast_head_json":{"title":"- EISA","robots":{"index":"index","follow":"follow","max-snippet":"max-snippet:-1","max-image-preview":"max-image-preview:large","max-video-preview":"max-video-preview:-1"},"canonical":"https:\/\/eisa.al\/index.php\/rreth-nesh\/","og_locale":"sq_AL","og_type":"article","og_title":"- EISA","og_description":"Inspektojm\u00eb p\u00ebr Sigurin\u00eb Tuaj. Kush Jemi Ne Ne jemi nj\u00eb kompani e specializuar n\u00eb inspektimin profesional t\u00eb instalimeve elektrike dhe sistemeve t\u00eb ashensor\u00ebve. Me p\u00ebrvoj\u00eb t\u00eb gjer\u00eb dhe nj\u00eb ekip t\u00eb certifikuar, angazhohemi t\u00eb sigurojm\u00eb standardet m\u00eb t\u00eb larta t\u00eb siguris\u00eb, funksionalitetit dhe p\u00ebrputhshm\u00ebris\u00eb me rregulloret teknike. Synimi yn\u00eb \u00ebsht\u00eb t\u00eb ofrojm\u00eb sh\u00ebrbime t\u00eb besueshme [&hellip;]","og_url":"https:\/\/eisa.al\/index.php\/rreth-nesh\/","og_site_name":"EISA","article_modified_time":"2025-04-28T07:45:53+00:00","twitter_card":"summary_large_image","twitter_misc":{"Est. reading time":"3 minuta"},"schema":{"@context":"https:\/\/schema.org","@graph":[{"@type":"WebPage","@id":"https:\/\/eisa.al\/index.php\/rreth-nesh\/","url":"https:\/\/eisa.al\/index.php\/rreth-nesh\/","name":"- EISA","isPartOf":{"@id":"https:\/\/eisa.al\/#website"},"datePublished":"2025-04-28T07:34:25+00:00","dateModified":"2025-04-28T07:45:53+00:00","inLanguage":"sq","potentialAction":[{"@type":"ReadAction","target":["https:\/\/eisa.al\/index.php\/rreth-nesh\/"]}]},{"@type":"WebSite","@id":"https:\/\/eisa.al\/#website","url":"https:\/\/eisa.al\/","name":"EISA","description":"Gjithmone per sigurine tuaj!","publisher":{"@id":"https:\/\/eisa.al\/#organization"},"potentialAction":[{"@type":"SearchAction","target":{"@type":"EntryPoint","urlTemplate":"https:\/\/eisa.al\/?s={search_term_string}"},"query-input":{"@type":"PropertyValueSpecification","valueRequired":true,"valueName":"search_term_string"}}],"inLanguage":"sq"},{"@type":"Organization","@id":"https:\/\/eisa.al\/#organization","name":"EISA","url":"https:\/\/eisa.al\/","logo":{"@type":"ImageObject","inLanguage":"sq","@id":"https:\/\/eisa.al\/#\/schema\/logo\/image\/","url":"https:\/\/eisa.al\/wp-content\/uploads\/2025\/04\/ChatGPT-Image-Apr-25-2025-11_03_57-AM.png","contentUrl":"https:\/\/eisa.al\/wp-content\/uploads\/2025\/04\/ChatGPT-Image-Apr-25-2025-11_03_57-AM.png","width":1024,"height":1024,"caption":" EISA"},"image":{"@id":"https:\/\/eisa.al\/#\/schema\/logo\/image\/"}}]}},"_links":{"self":[{"href":"https:\/\/eisa.al\/index.php\/wp-json\/wp\/v2\/pages\/17","targetHints":{"allow":["GET"]}}],"collection":[{"href":"https:\/\/eisa.al\/index.php\/wp-json\/wp\/v2\/pages"}],"about":[{"href":"https:\/\/eisa.al\/index.php\/wp-json\/wp\/v2\/types\/page"}],"author":[{"embeddable":true,"href":"https:\/\/eisa.al\/index.php\/wp-json\/wp\/v2\/users\/1"}],"replies":[{"embeddable":true,"href":"https:\/\/eisa.al\/index.php\/wp-json\/wp\/v2\/comments?post=17"}],"version-history":[{"count":3,"href":"https:\/\/eisa.al\/index.php\/wp-json\/wp\/v2\/pages\/17\/revisions"}],"predecessor-version":[{"id":44,"href":"https:\/\/eisa.al\/index.php\/wp-json\/wp\/v2\/pages\/17\/revisions\/44"}],"wp:attachment":[{"href":"https:\/\/eisa.al\/index.php\/wp-json\/wp\/v2\/media?parent=17"}],"curies":[{"name":"wp","href":"https:\/\/api.w.org\/{rel}","templated":true}]}}